{"id":29,"date":"2015-07-10T16:08:39","date_gmt":"2015-07-10T16:08:39","guid":{"rendered":"https:\/\/tennisdetableairvault.fr\/?page_id=29"},"modified":"2019-08-08T14:42:46","modified_gmt":"2019-08-08T14:42:46","slug":"historique-du-club","status":"publish","type":"page","link":"https:\/\/tennisdetableairvault.fr\/?page_id=29","title":{"rendered":"Historique du Club"},"content":{"rendered":"<p><strong>Historique<\/strong><\/p>\n<p>Le Tennis de Table Airvault est n\u00e9 en 1945, il f\u00eate donc son 70\u00e8me anniversaire.<\/p>\n<p>Depuis 1988, le club b\u00e9n\u00e9ficie d\u2019une salle sp\u00e9cifique qui peut accueillir jusqu\u2019\u00e0 8 tables en entrainement dont 6 en comp\u00e9tition.<\/p>\n<div id=\"attachment_68\" style=\"width: 610px\" class=\"wp-caption aligncenter\"><img loading=\"lazy\" decoding=\"async\" aria-describedby=\"caption-attachment-68\" class=\"wp-image-68 size-full\" src=\"https:\/\/tennisdetableairvault.fr\/wp-content\/uploads\/2015\/07\/table.jpg\" alt=\"salle de tennis de table d'Airvault\" width=\"600\" height=\"450\" srcset=\"https:\/\/tennisdetableairvault.fr\/wp-content\/uploads\/2015\/07\/table.jpg 600w, https:\/\/tennisdetableairvault.fr\/wp-content\/uploads\/2015\/07\/table-150x113.jpg 150w\" sizes=\"auto, (max-width: 600px) 100vw, 600px\" \/><p id=\"caption-attachment-68\" class=\"wp-caption-text\">salle de tennis de table d&rsquo;Airvault<\/p><\/div>\n<p>Les membres du club viennent de r\u00e9\u00e9lire comme pr\u00e9sident Monsieur Yves BOURDIN pour la 31\u00e8me ann\u00e9e.<\/p>\n<p>Le club a atteint des niveaux exceptionnels par rapport \u00e0 sa taille. En effet, il a \u00e9volu\u00e9 pendant trois saisons au niveau Promotion National (PN) de 2000 \u00e0 2003.<\/p>\n<p>Le club compte cette ann\u00e9e 60 licenci\u00e9s; 7 \u00e9quipes ont \u00e9t\u00e9 engag\u00e9es en championnat masculin.<\/p>\n","protected":false},"excerpt":{"rendered":"<p>Historique Le Tennis de Table Airvault est n\u00e9 en 1945, il f\u00eate donc son 70\u00e8me anniversaire. Depuis 1988, le club b\u00e9n\u00e9ficie d\u2019une salle sp\u00e9cifique qui peut accueillir jusqu\u2019\u00e0 8 tables en entrainement dont 6 en comp\u00e9tition. Les membres du club viennent de r\u00e9\u00e9lire comme pr\u00e9sident Monsieur Yves BOURDIN pour la 31\u00e8me ann\u00e9e. Le club a [&hellip;]<\/p>\n","protected":false},"author":1,"featured_media":0,"parent":0,"menu_order":3,"comment_status":"closed","ping_status":"closed","template":"","meta":{"footnotes":""},"class_list":["post-29","page","type-page","status-publish","hentry"],"_links":{"self":[{"href":"https:\/\/tennisdetableairvault.fr\/index.php?rest_route=\/wp\/v2\/pages\/29","targetHints":{"allow":["GET"]}}],"collection":[{"href":"https:\/\/tennisdetableairvault.fr\/index.php?rest_route=\/wp\/v2\/pages"}],"about":[{"href":"https:\/\/tennisdetableairvault.fr\/index.php?rest_route=\/wp\/v2\/types\/page"}],"author":[{"embeddable":true,"href":"https:\/\/tennisdetableairvault.fr\/index.php?rest_route=\/wp\/v2\/users\/1"}],"replies":[{"embeddable":true,"href":"https:\/\/tennisdetableairvault.fr\/index.php?rest_route=%2Fwp%2Fv2%2Fcomments&post=29"}],"version-history":[{"count":0,"href":"https:\/\/tennisdetableairvault.fr\/index.php?rest_route=\/wp\/v2\/pages\/29\/revisions"}],"wp:attachment":[{"href":"https:\/\/tennisdetableairvault.fr\/index.php?rest_route=%2Fwp%2Fv2%2Fmedia&parent=29"}],"curies":[{"name":"wp","href":"https:\/\/api.w.org\/{rel}","templated":true}]}}