{"id":4,"date":"2023-04-27T13:41:23","date_gmt":"2023-04-27T13:41:23","guid":{"rendered":"https:\/\/tennisdetableairvault.fr\/?page_id=4"},"modified":"2023-04-27T16:55:50","modified_gmt":"2023-04-27T16:55:50","slug":"accueil","status":"publish","type":"page","link":"https:\/\/tennisdetableairvault.fr\/?page_id=4","title":{"rendered":"Le Ping Pong Club Airvault"},"content":{"rendered":"\n<figure class=\"wp-block-image size-full\"><img loading=\"lazy\" decoding=\"async\" width=\"1080\" height=\"898\" src=\"https:\/\/tennisdetableairvault.fr\/wp-content\/uploads\/2023\/04\/FB_IMG_1682606695856.jpg\" alt=\"\" class=\"wp-image-351\" srcset=\"https:\/\/tennisdetableairvault.fr\/wp-content\/uploads\/2023\/04\/FB_IMG_1682606695856.jpg 1080w, https:\/\/tennisdetableairvault.fr\/wp-content\/uploads\/2023\/04\/FB_IMG_1682606695856-541x450.jpg 541w, https:\/\/tennisdetableairvault.fr\/wp-content\/uploads\/2023\/04\/FB_IMG_1682606695856-150x125.jpg 150w, https:\/\/tennisdetableairvault.fr\/wp-content\/uploads\/2023\/04\/FB_IMG_1682606695856-768x639.jpg 768w\" sizes=\"auto, (max-width: 1080px) 100vw, 1080px\" \/><\/figure>\n\n\n<p style=\"text-align: left;\">Le Ping Pong Club Airvault, est un club convivial situ\u00e9 en R\u00e9gion Poitou-Charentes et plus pr\u00e9cis\u00e9ment dans le nord des Deux-S\u00e8vres.<\/p>\n<p>Depuis 1945, le\u00a0Tennis de Table Airvault d\u00e9veloppe la pratique du tennis de table pour tout public et compte aujourd\u2019hui une soixantaine de licenci\u00e9s.<\/p>\n<p>Parmi les membres, les trois quart se donnent \u00e0 fond dans le championnat individuel et par \u00e9quipe, mais toujours avec un bon esprit et dans la bonne humeur.<\/p>\n<p>Les autres sont des adeptes de la petite balle en loisir.<\/p>\n<p>A ce jour, le nombre de licenci\u00e9s ne cesse d\u2019augmenter et de plus en plus de jeunes se passionnent pour notre sport permettant ainsi d\u2019assurer l\u2019avenir du club.<\/p>\n<p>Dans un esprit de bonne humeur et avec dynamisme, les licenci\u00e9s et les b\u00e9n\u00e9voles animent le\u00a0Tennis de Table Airvault tout au long de l\u2019ann\u00e9e.<\/p>\n<p>Le Tennis de Table Airvault est donc heureux de vous accueillir sur son nouveau site internet.<\/p>\n<p>Amiti\u00e9s pongistes<\/p>\n<p>Yves BOURDIN<\/p>\n<div id=\"attachment_303\" style=\"width: 610px\" class=\"wp-caption aligncenter\"><a href=\"https:\/\/tennisdetableairvault.fr\/wp-content\/uploads\/2019\/08\/IMG_7494.jpg\"><img loading=\"lazy\" decoding=\"async\" aria-describedby=\"caption-attachment-303\" class=\"size-full wp-image-303\" src=\"https:\/\/tennisdetableairvault.fr\/wp-content\/uploads\/2019\/08\/IMG_7494.jpg\" alt=\"\" width=\"600\" height=\"400\" srcset=\"https:\/\/tennisdetableairvault.fr\/wp-content\/uploads\/2019\/08\/IMG_7494.jpg 600w, https:\/\/tennisdetableairvault.fr\/wp-content\/uploads\/2019\/08\/IMG_7494-150x100.jpg 150w\" sizes=\"auto, (max-width: 600px) 100vw, 600px\" \/><\/a><p id=\"caption-attachment-303\" class=\"wp-caption-text\">salle d&rsquo;entra\u00eenement et comp\u00e9tition<\/p><\/div>","protected":false},"excerpt":{"rendered":"<p>Le Ping Pong Club Airvault, est un club convivial situ\u00e9 en R\u00e9gion Poitou-Charentes et plus pr\u00e9cis\u00e9ment dans le nord des Deux-S\u00e8vres. Depuis 1945, le\u00a0Tennis de Table Airvault d\u00e9veloppe la pratique du tennis de table pour tout public et compte aujourd\u2019hui une soixantaine de licenci\u00e9s. Parmi les membres, les trois quart se donnent \u00e0 fond dans [&hellip;]<\/p>\n","protected":false},"author":1,"featured_media":0,"parent":0,"menu_order":0,"comment_status":"closed","ping_status":"closed","template":"","meta":{"footnotes":""},"class_list":["post-4","page","type-page","status-publish","hentry"],"_links":{"self":[{"href":"https:\/\/tennisdetableairvault.fr\/index.php?rest_route=\/wp\/v2\/pages\/4","targetHints":{"allow":["GET"]}}],"collection":[{"href":"https:\/\/tennisdetableairvault.fr\/index.php?rest_route=\/wp\/v2\/pages"}],"about":[{"href":"https:\/\/tennisdetableairvault.fr\/index.php?rest_route=\/wp\/v2\/types\/page"}],"author":[{"embeddable":true,"href":"https:\/\/tennisdetableairvault.fr\/index.php?rest_route=\/wp\/v2\/users\/1"}],"replies":[{"embeddable":true,"href":"https:\/\/tennisdetableairvault.fr\/index.php?rest_route=%2Fwp%2Fv2%2Fcomments&post=4"}],"version-history":[{"count":0,"href":"https:\/\/tennisdetableairvault.fr\/index.php?rest_route=\/wp\/v2\/pages\/4\/revisions"}],"wp:attachment":[{"href":"https:\/\/tennisdetableairvault.fr\/index.php?rest_route=%2Fwp%2Fv2%2Fmedia&parent=4"}],"curies":[{"name":"wp","href":"https:\/\/api.w.org\/{rel}","templated":true}]}}